{"id":14,"date":"2024-10-04T01:15:53","date_gmt":"2024-10-04T01:15:53","guid":{"rendered":"https:\/\/www.escoladansafigueres.com\/?page_id=14"},"modified":"2024-11-26T01:22:23","modified_gmt":"2024-11-26T01:22:23","slug":"companyia-suraima","status":"publish","type":"page","link":"https:\/\/www.escoladansafigueres.com\/index.php\/companyia-suraima\/","title":{"rendered":"Companyia Suraima"},"content":{"rendered":"\t\t<div data-elementor-type=\"wp-page\" data-elementor-id=\"14\" class=\"elementor elementor-14\" data-elementor-post-type=\"page\">\n\t\t\t\t\t\t<section class=\"elementor-section elementor-top-section elementor-element elementor-element-468ffbb6 elementor-section-height-min-height elementor-section-items-bottom elementor-section-content-bottom elementor-section-boxed elementor-section-height-default\" data-id=\"468ffbb6\" data-element_type=\"section\" data-settings=\"{&quot;background_background&quot;:&quot;slideshow&quot;,&quot;background_slideshow_gallery&quot;:[{&quot;id&quot;:238,&quot;url&quot;:&quot;https:\\\/\\\/www.escoladansafigueres.com\\\/wp-content\\\/uploads\\\/2024\\\/10\\\/img_8408.jpg&quot;},{&quot;id&quot;:210,&quot;url&quot;:&quot;https:\\\/\\\/www.escoladansafigueres.com\\\/wp-content\\\/uploads\\\/2024\\\/10\\\/20914367_126286931337888_5832812467822432499_n.jpg&quot;},{&quot;id&quot;:208,&quot;url&quot;:&quot;https:\\\/\\\/www.escoladansafigueres.com\\\/wp-content\\\/uploads\\\/2024\\\/10\\\/20882662_126286414671273_2880158483331899994_n.jpg&quot;},{&quot;id&quot;:239,&quot;url&quot;:&quot;https:\\\/\\\/www.escoladansafigueres.com\\\/wp-content\\\/uploads\\\/2024\\\/10\\\/img_8409.jpg&quot;}],&quot;background_slideshow_loop&quot;:&quot;yes&quot;,&quot;background_slideshow_slide_duration&quot;:5000,&quot;background_slideshow_slide_transition&quot;:&quot;fade&quot;,&quot;background_slideshow_transition_duration&quot;:500}\">\n\t\t\t\t\t\t\t<div class=\"elementor-background-overlay\"><\/div>\n\t\t\t\t\t\t\t<div class=\"elementor-container elementor-column-gap-default\">\n\t\t\t\t\t<div class=\"elementor-column elementor-col-100 elementor-top-column elementor-element elementor-element-78a73a3a\" data-id=\"78a73a3a\" data-element_type=\"column\">\n\t\t\t<div class=\"elementor-widget-wrap elementor-element-populated\">\n\t\t\t\t\t\t<div class=\"elementor-element elementor-element-7319e38f elementor-widget-divider--view-line elementor-widget elementor-widget-divider\" data-id=\"7319e38f\" data-element_type=\"widget\" data-widget_type=\"divider.default\">\n\t\t\t\t<div class=\"elementor-widget-container\">\n\t\t\t\t\t\t\t<div class=\"elementor-divider\">\n\t\t\t<span class=\"elementor-divider-separator\">\n\t\t\t\t\t\t<\/span>\n\t\t<\/div>\n\t\t\t\t\t\t<\/div>\n\t\t\t\t<\/div>\n\t\t\t\t\t<\/div>\n\t\t<\/div>\n\t\t\t\t\t<\/div>\n\t\t<\/section>\n\t\t\t\t<section class=\"elementor-section elementor-top-section elementor-element elementor-element-265fcdc0 elementor-section-boxed elementor-section-height-default elementor-section-height-default\" data-id=\"265fcdc0\" data-element_type=\"section\">\n\t\t\t\t\t\t<div class=\"elementor-container elementor-column-gap-default\">\n\t\t\t\t\t<div class=\"elementor-column elementor-col-100 elementor-top-column elementor-element elementor-element-1dc59e2\" data-id=\"1dc59e2\" data-element_type=\"column\">\n\t\t\t<div class=\"elementor-widget-wrap elementor-element-populated\">\n\t\t\t\t\t\t<div class=\"elementor-element elementor-element-41ed18f9 elementor-widget elementor-widget-heading\" data-id=\"41ed18f9\" data-element_type=\"widget\" data-widget_type=\"heading.default\">\n\t\t\t\t<div class=\"elementor-widget-container\">\n\t\t\t\t\t<h2 class=\"elementor-heading-title elementor-size-default\">Inscripciones abiertas\n\n<\/h2>\t\t\t\t<\/div>\n\t\t\t\t<\/div>\n\t\t\t\t\t<\/div>\n\t\t<\/div>\n\t\t\t\t\t<\/div>\n\t\t<\/section>\n\t\t\t\t<section class=\"elementor-section elementor-top-section elementor-element elementor-element-2eef0603 elementor-section-boxed elementor-section-height-default elementor-section-height-default\" data-id=\"2eef0603\" data-element_type=\"section\" data-settings=\"{&quot;background_background&quot;:&quot;classic&quot;}\">\n\t\t\t\t\t\t<div class=\"elementor-container elementor-column-gap-default\">\n\t\t\t\t\t<div class=\"elementor-column elementor-col-50 elementor-top-column elementor-element elementor-element-37cfacab\" data-id=\"37cfacab\" data-element_type=\"column\">\n\t\t\t<div class=\"elementor-widget-wrap elementor-element-populated\">\n\t\t\t\t\t\t<div class=\"elementor-element elementor-element-e6bc589 elementor-widget elementor-widget-heading\" data-id=\"e6bc589\" data-element_type=\"widget\" data-widget_type=\"heading.default\">\n\t\t\t\t<div class=\"elementor-widget-container\">\n\t\t\t\t\t<h2 class=\"elementor-heading-title elementor-size-default\">COMPA\u00d1\u00cdA SURAIMA\n\n\n<\/h2>\t\t\t\t<\/div>\n\t\t\t\t<\/div>\n\t\t\t\t<div class=\"elementor-element elementor-element-3815f675 elementor-widget elementor-widget-text-editor\" data-id=\"3815f675\" data-element_type=\"widget\" data-widget_type=\"text-editor.default\">\n\t\t\t\t<div class=\"elementor-widget-container\">\n\t\t\t\t\t\t\t\t\t<p><strong>Ofrecemos espect\u00e1culos de de flamenco en la Costa Brava, con bailarines profesionales en hoteles, campings, fiestas privadas, aniversarios,\u00a0congresos, ferias\u2026<\/strong><br \/><strong>Si est\u00e1s interesado no dudes en contactar con nosotros<\/strong><\/p>\t\t\t\t\t\t\t\t<\/div>\n\t\t\t\t<\/div>\n\t\t\t\t<div class=\"elementor-element elementor-element-9ba6f28 elementor-widget elementor-widget-text-editor\" data-id=\"9ba6f28\" data-element_type=\"widget\" data-widget_type=\"text-editor.default\">\n\t\t\t\t<div class=\"elementor-widget-container\">\n\t\t\t\t\t\t\t\t\t<p>Somos un espacio destinado a cuidar de\u00a0 las artes y, sobretodo de las personas;\u00a0 nuestro mayor logro es dar a los alumnos una formaci\u00f3n integral profesional, pasando del Flamenco al Flamenco Contempor\u00e1neos, de la Danza Estilizada a la Escuela Bolera, de las Sevillanas a la Rumba Catalana, incorporando clases de Ritmos Latinos, tanto para adultos como para ni\u00f1os, como Salsa, Bachata, Bachata Sensual, Kizumba, Ballet C\u00e1sico, Danza Urbana, Tango Argentino ( Con profesores nativos ) clases de Canto ( particulares y Grupales ), de Guitarra, de piano, de Teatro Musical, donde del m\u00e1s peque\u00f1o al mayor disfrutan cada d\u00eda de lo que aprenden, sin l\u00edmite de edad ni condici\u00f3n, con profesores que se entregan completamente en cada clase para seguir alimentando las necesidades art\u00edsticas de cada uno.<\/p>\t\t\t\t\t\t\t\t<\/div>\n\t\t\t\t<\/div>\n\t\t\t\t<div class=\"elementor-element elementor-element-6f16e49 elementor-align-center elementor-widget elementor-widget-button\" data-id=\"6f16e49\" data-element_type=\"widget\" data-widget_type=\"button.default\">\n\t\t\t\t<div class=\"elementor-widget-container\">\n\t\t\t\t\t\t\t\t\t<div class=\"elementor-button-wrapper\">\n\t\t\t\t\t<a class=\"elementor-button elementor-button-link elementor-size-sm elementor-animation-grow\" href=\"tel:\/\/+34663721913\">\n\t\t\t\t\t\t<span class=\"elementor-button-content-wrapper\">\n\t\t\t\t\t\t<span class=\"elementor-button-icon\">\n\t\t\t\t<i aria-hidden=\"true\" class=\"fas fa-chevron-right\"><\/i>\t\t\t<\/span>\n\t\t\t\t\t\t\t\t\t<span class=\"elementor-button-text\">M\u00e1s informaci\u00f3n con Pili<\/span>\n\t\t\t\t\t<\/span>\n\t\t\t\t\t<\/a>\n\t\t\t\t<\/div>\n\t\t\t\t\t\t\t\t<\/div>\n\t\t\t\t<\/div>\n\t\t\t\t\t<\/div>\n\t\t<\/div>\n\t\t\t\t<div class=\"elementor-column elementor-col-50 elementor-top-column elementor-element elementor-element-6b4ca50c\" data-id=\"6b4ca50c\" data-element_type=\"column\">\n\t\t\t<div class=\"elementor-widget-wrap elementor-element-populated\">\n\t\t\t\t\t\t<div class=\"elementor-element elementor-element-5c379c60 elementor-widget elementor-widget-image\" data-id=\"5c379c60\" data-element_type=\"widget\" data-widget_type=\"image.default\">\n\t\t\t\t<div class=\"elementor-widget-container\">\n\t\t\t\t\t\t\t\t\t\t\t\t\t\t\t\t<a href=\"https:\/\/www.escoladansafigueres.com\/wp-content\/uploads\/2024\/10\/20840643_126297341336847_5853566282036413083_n-crop-u2837102-1.jpg\" data-elementor-open-lightbox=\"no\">\n\t\t\t\t\t\t\t<img fetchpriority=\"high\" decoding=\"async\" width=\"453\" height=\"435\" src=\"https:\/\/www.escoladansafigueres.com\/wp-content\/uploads\/2024\/10\/20840643_126297341336847_5853566282036413083_n-crop-u2837102-1.jpg\" class=\"attachment-full size-full wp-image-295\" alt=\"\" srcset=\"https:\/\/www.escoladansafigueres.com\/wp-content\/uploads\/2024\/10\/20840643_126297341336847_5853566282036413083_n-crop-u2837102-1.jpg 453w, https:\/\/www.escoladansafigueres.com\/wp-content\/uploads\/2024\/10\/20840643_126297341336847_5853566282036413083_n-crop-u2837102-1-300x288.jpg 300w\" sizes=\"(max-width: 453px) 100vw, 453px\" \/>\t\t\t\t\t\t\t\t<\/a>\n\t\t\t\t\t\t\t\t\t\t\t\t\t\t\t<\/div>\n\t\t\t\t<\/div>\n\t\t\t\t\t<\/div>\n\t\t<\/div>\n\t\t\t\t\t<\/div>\n\t\t<\/section>\n\t\t\t\t<section class=\"elementor-section elementor-top-section elementor-element elementor-element-3ed50c2 elementor-section-boxed elementor-section-height-default elementor-section-height-default\" data-id=\"3ed50c2\" data-element_type=\"section\">\n\t\t\t\t\t\t<div class=\"elementor-container elementor-column-gap-default\">\n\t\t\t\t\t<div class=\"elementor-column elementor-col-100 elementor-top-column elementor-element elementor-element-1b183cc\" data-id=\"1b183cc\" data-element_type=\"column\">\n\t\t\t<div class=\"elementor-widget-wrap elementor-element-populated\">\n\t\t\t\t\t\t<div class=\"elementor-element elementor-element-56a59d4 elementor-blockquote--skin-boxed elementor-blockquote--align-right elementor-widget elementor-widget-blockquote\" data-id=\"56a59d4\" data-element_type=\"widget\" data-widget_type=\"blockquote.default\">\n\t\t\t\t<div class=\"elementor-widget-container\">\n\t\t\t\t\t\t\t<blockquote class=\"elementor-blockquote\">\n\t\t\t<p class=\"elementor-blockquote__content\">\n\t\t\t\tEl flamenco es un arte que no se puede perder.\t\t\t<\/p>\n\t\t\t\t\t\t\t<div class=\"e-q-footer\">\n\t\t\t\t\t\t\t\t\t\t\t<cite class=\"elementor-blockquote__author\">Ant\u00f3nio Canales<\/cite>\n\t\t\t\t\t\t\t\t\t\t\t\t\t\t<\/div>\n\t\t\t\t\t<\/blockquote>\n\t\t\t\t\t\t<\/div>\n\t\t\t\t<\/div>\n\t\t\t\t\t<\/div>\n\t\t<\/div>\n\t\t\t\t\t<\/div>\n\t\t<\/section>\n\t\t\t\t<section class=\"elementor-section elementor-top-section elementor-element elementor-element-47620a21 elementor-section-full_width elementor-section-height-default elementor-section-height-default\" data-id=\"47620a21\" data-element_type=\"section\" data-settings=\"{&quot;background_background&quot;:&quot;classic&quot;}\">\n\t\t\t\t\t\t<div class=\"elementor-container elementor-column-gap-default\">\n\t\t\t\t\t<div class=\"elementor-column elementor-col-25 elementor-top-column elementor-element elementor-element-287d748b\" data-id=\"287d748b\" data-element_type=\"column\">\n\t\t\t<div class=\"elementor-widget-wrap elementor-element-populated\">\n\t\t\t\t\t\t<div class=\"elementor-element elementor-element-7f9c0d2e elementor-widget elementor-widget-heading\" data-id=\"7f9c0d2e\" data-element_type=\"widget\" data-widget_type=\"heading.default\">\n\t\t\t\t<div class=\"elementor-widget-container\">\n\t\t\t\t\t<h2 class=\"elementor-heading-title elementor-size-default\">INSTAGRAM<\/h2>\t\t\t\t<\/div>\n\t\t\t\t<\/div>\n\t\t\t\t\t<\/div>\n\t\t<\/div>\n\t\t\t\t<div class=\"elementor-column elementor-col-50 elementor-top-column elementor-element elementor-element-7b3e704d\" data-id=\"7b3e704d\" data-element_type=\"column\">\n\t\t\t<div class=\"elementor-widget-wrap\">\n\t\t\t\t\t\t\t<\/div>\n\t\t<\/div>\n\t\t\t\t<div class=\"elementor-column elementor-col-25 elementor-top-column elementor-element elementor-element-1e59c4a3\" data-id=\"1e59c4a3\" data-element_type=\"column\">\n\t\t\t<div class=\"elementor-widget-wrap\">\n\t\t\t\t\t\t\t<\/div>\n\t\t<\/div>\n\t\t\t\t\t<\/div>\n\t\t<\/section>\n\t\t\t\t<section class=\"elementor-section elementor-top-section elementor-element elementor-element-51955764 elementor-section-full_width elementor-section-height-default elementor-section-height-default\" data-id=\"51955764\" data-element_type=\"section\" data-settings=\"{&quot;background_background&quot;:&quot;classic&quot;}\">\n\t\t\t\t\t\t<div class=\"elementor-container elementor-column-gap-default\">\n\t\t\t\t\t<div class=\"elementor-column elementor-col-100 elementor-top-column elementor-element elementor-element-62e69b01\" data-id=\"62e69b01\" data-element_type=\"column\">\n\t\t\t<div class=\"elementor-widget-wrap elementor-element-populated\">\n\t\t\t\t\t\t<div class=\"elementor-element elementor-element-5233a681 elementor-widget elementor-widget-heading\" data-id=\"5233a681\" data-element_type=\"widget\" data-widget_type=\"heading.default\">\n\t\t\t\t<div class=\"elementor-widget-container\">\n\t\t\t\t\t<h2 class=\"elementor-heading-title elementor-size-default\">Situaci\u00f3<\/h2>\t\t\t\t<\/div>\n\t\t\t\t<\/div>\n\t\t\t\t<div class=\"elementor-element elementor-element-2790c232 elementor-widget elementor-widget-google_maps\" data-id=\"2790c232\" data-element_type=\"widget\" data-widget_type=\"google_maps.default\">\n\t\t\t\t<div class=\"elementor-widget-container\">\n\t\t\t\t\t\t\t<div class=\"elementor-custom-embed\">\n\t\t\t<iframe loading=\"lazy\"\n\t\t\t\t\tsrc=\"https:\/\/maps.google.com\/maps?q=C.%20Campi%C3%B1a%201%2C%20%2017600%20Figueras%20Girona&#038;t=m&#038;z=10&#038;output=embed&#038;iwloc=near\"\n\t\t\t\t\ttitle=\"C. Campi\u00f1a 1,  17600 Figueras Girona\"\n\t\t\t\t\taria-label=\"C. Campi\u00f1a 1,  17600 Figueras Girona\"\n\t\t\t><\/iframe>\n\t\t<\/div>\n\t\t\t\t\t\t<\/div>\n\t\t\t\t<\/div>\n\t\t\t\t\t<\/div>\n\t\t<\/div>\n\t\t\t\t\t<\/div>\n\t\t<\/section>\n\t\t\t\t<\/div>\n\t\t","protected":false},"excerpt":{"rendered":"<p>Inscripciones abiertas COMPA\u00d1\u00cdA SURAIMA Ofrecemos espect\u00e1culos de de flamenco en la Costa Brava, con bailarines profesionales en hoteles, campings, fiestas privadas, aniversarios,\u00a0congresos, ferias\u2026Si est\u00e1s interesado no dudes en contactar con nosotros Somos un espacio destinado a cuidar de\u00a0 las artes y, sobretodo de las personas;\u00a0 nuestro mayor logro es dar a los alumnos una formaci\u00f3n [&hellip;]<\/p>\n","protected":false},"author":1,"featured_media":0,"parent":0,"menu_order":0,"comment_status":"closed","ping_status":"closed","template":"elementor_header_footer","meta":{"footnotes":""},"class_list":["post-14","page","type-page","status-publish","hentry"],"_links":{"self":[{"href":"https:\/\/www.escoladansafigueres.com\/index.php\/wp-json\/wp\/v2\/pages\/14","targetHints":{"allow":["GET"]}}],"collection":[{"href":"https:\/\/www.escoladansafigueres.com\/index.php\/wp-json\/wp\/v2\/pages"}],"about":[{"href":"https:\/\/www.escoladansafigueres.com\/index.php\/wp-json\/wp\/v2\/types\/page"}],"author":[{"embeddable":true,"href":"https:\/\/www.escoladansafigueres.com\/index.php\/wp-json\/wp\/v2\/users\/1"}],"replies":[{"embeddable":true,"href":"https:\/\/www.escoladansafigueres.com\/index.php\/wp-json\/wp\/v2\/comments?post=14"}],"version-history":[{"count":13,"href":"https:\/\/www.escoladansafigueres.com\/index.php\/wp-json\/wp\/v2\/pages\/14\/revisions"}],"predecessor-version":[{"id":610,"href":"https:\/\/www.escoladansafigueres.com\/index.php\/wp-json\/wp\/v2\/pages\/14\/revisions\/610"}],"wp:attachment":[{"href":"https:\/\/www.escoladansafigueres.com\/index.php\/wp-json\/wp\/v2\/media?parent=14"}],"curies":[{"name":"wp","href":"https:\/\/api.w.org\/{rel}","templated":true}]}}