{"id":39,"date":"2024-10-04T01:31:55","date_gmt":"2024-10-04T01:31:55","guid":{"rendered":"https:\/\/www.escoladansafigueres.com\/?page_id=39"},"modified":"2024-11-26T01:45:11","modified_gmt":"2024-11-26T01:45:11","slug":"cant","status":"publish","type":"page","link":"https:\/\/www.escoladansafigueres.com\/index.php\/disciplines\/cant\/","title":{"rendered":"Cant"},"content":{"rendered":"\t\t<div data-elementor-type=\"wp-page\" data-elementor-id=\"39\" class=\"elementor elementor-39\" data-elementor-post-type=\"page\">\n\t\t\t\t\t\t<section class=\"elementor-section elementor-top-section elementor-element elementor-element-5f6e3c7a elementor-section-height-min-height elementor-section-items-bottom elementor-section-content-bottom elementor-section-boxed elementor-section-height-default\" data-id=\"5f6e3c7a\" data-element_type=\"section\" data-settings=\"{&quot;background_background&quot;:&quot;slideshow&quot;,&quot;background_slideshow_gallery&quot;:[{&quot;id&quot;:238,&quot;url&quot;:&quot;https:\\\/\\\/www.escoladansafigueres.com\\\/wp-content\\\/uploads\\\/2024\\\/10\\\/img_8408.jpg&quot;},{&quot;id&quot;:210,&quot;url&quot;:&quot;https:\\\/\\\/www.escoladansafigueres.com\\\/wp-content\\\/uploads\\\/2024\\\/10\\\/20914367_126286931337888_5832812467822432499_n.jpg&quot;},{&quot;id&quot;:208,&quot;url&quot;:&quot;https:\\\/\\\/www.escoladansafigueres.com\\\/wp-content\\\/uploads\\\/2024\\\/10\\\/20882662_126286414671273_2880158483331899994_n.jpg&quot;},{&quot;id&quot;:239,&quot;url&quot;:&quot;https:\\\/\\\/www.escoladansafigueres.com\\\/wp-content\\\/uploads\\\/2024\\\/10\\\/img_8409.jpg&quot;}],&quot;background_slideshow_loop&quot;:&quot;yes&quot;,&quot;background_slideshow_slide_duration&quot;:5000,&quot;background_slideshow_slide_transition&quot;:&quot;fade&quot;,&quot;background_slideshow_transition_duration&quot;:500}\">\n\t\t\t\t\t\t\t<div class=\"elementor-background-overlay\"><\/div>\n\t\t\t\t\t\t\t<div class=\"elementor-container elementor-column-gap-default\">\n\t\t\t\t\t<div class=\"elementor-column elementor-col-100 elementor-top-column elementor-element elementor-element-6aede7f8\" data-id=\"6aede7f8\" data-element_type=\"column\">\n\t\t\t<div class=\"elementor-widget-wrap elementor-element-populated\">\n\t\t\t\t\t\t<div class=\"elementor-element elementor-element-34fac23a elementor-widget-divider--view-line elementor-widget elementor-widget-divider\" data-id=\"34fac23a\" data-element_type=\"widget\" data-widget_type=\"divider.default\">\n\t\t\t\t<div class=\"elementor-widget-container\">\n\t\t\t\t\t\t\t<div class=\"elementor-divider\">\n\t\t\t<span class=\"elementor-divider-separator\">\n\t\t\t\t\t\t<\/span>\n\t\t<\/div>\n\t\t\t\t\t\t<\/div>\n\t\t\t\t<\/div>\n\t\t\t\t\t<\/div>\n\t\t<\/div>\n\t\t\t\t\t<\/div>\n\t\t<\/section>\n\t\t\t\t<section class=\"elementor-section elementor-top-section elementor-element elementor-element-676a83b2 elementor-section-boxed elementor-section-height-default elementor-section-height-default\" data-id=\"676a83b2\" data-element_type=\"section\">\n\t\t\t\t\t\t<div class=\"elementor-container elementor-column-gap-default\">\n\t\t\t\t\t<div class=\"elementor-column elementor-col-100 elementor-top-column elementor-element elementor-element-41aed515\" data-id=\"41aed515\" data-element_type=\"column\">\n\t\t\t<div class=\"elementor-widget-wrap elementor-element-populated\">\n\t\t\t\t\t\t<section class=\"elementor-section elementor-inner-section elementor-element elementor-element-61187b59 elementor-section-boxed elementor-section-height-default elementor-section-height-default\" data-id=\"61187b59\" data-element_type=\"section\">\n\t\t\t\t\t\t<div class=\"elementor-container elementor-column-gap-default\">\n\t\t\t\t\t<div class=\"elementor-column elementor-col-50 elementor-inner-column elementor-element elementor-element-6643c77a\" data-id=\"6643c77a\" data-element_type=\"column\">\n\t\t\t<div class=\"elementor-widget-wrap elementor-element-populated\">\n\t\t\t\t\t\t<div class=\"elementor-element elementor-element-49d31760 elementor-widget elementor-widget-heading\" data-id=\"49d31760\" data-element_type=\"widget\" data-widget_type=\"heading.default\">\n\t\t\t\t<div class=\"elementor-widget-container\">\n\t\t\t\t\t<h2 class=\"elementor-heading-title elementor-size-default\">Inscripciones abiertas\n\n<\/h2>\t\t\t\t<\/div>\n\t\t\t\t<\/div>\n\t\t\t\t\t<\/div>\n\t\t<\/div>\n\t\t\t\t<div class=\"elementor-column elementor-col-50 elementor-inner-column elementor-element elementor-element-a1bffa3\" data-id=\"a1bffa3\" data-element_type=\"column\">\n\t\t\t<div class=\"elementor-widget-wrap elementor-element-populated\">\n\t\t\t\t\t\t<div class=\"elementor-element elementor-element-c7b288f elementor-align-center elementor-widget elementor-widget-global elementor-global-485 elementor-widget-button\" data-id=\"c7b288f\" data-element_type=\"widget\" data-widget_type=\"button.default\">\n\t\t\t\t<div class=\"elementor-widget-container\">\n\t\t\t\t\t\t\t\t\t<div class=\"elementor-button-wrapper\">\n\t\t\t\t\t<a class=\"elementor-button elementor-button-link elementor-size-sm elementor-animation-grow\" href=\"tel:\/\/+34639329543\">\n\t\t\t\t\t\t<span class=\"elementor-button-content-wrapper\">\n\t\t\t\t\t\t<span class=\"elementor-button-icon\">\n\t\t\t\t<i aria-hidden=\"true\" class=\"fas fa-chevron-right\"><\/i>\t\t\t<\/span>\n\t\t\t\t\t\t\t\t\t<span class=\"elementor-button-text\">M\u00e1s informaci\u00f3n con Pili<\/span>\n\t\t\t\t\t<\/span>\n\t\t\t\t\t<\/a>\n\t\t\t\t<\/div>\n\t\t\t\t\t\t\t\t<\/div>\n\t\t\t\t<\/div>\n\t\t\t\t\t<\/div>\n\t\t<\/div>\n\t\t\t\t\t<\/div>\n\t\t<\/section>\n\t\t\t\t\t<\/div>\n\t\t<\/div>\n\t\t\t\t\t<\/div>\n\t\t<\/section>\n\t\t\t\t<section class=\"elementor-section elementor-top-section elementor-element elementor-element-780ffd6b elementor-section-boxed elementor-section-height-default elementor-section-height-default\" data-id=\"780ffd6b\" data-element_type=\"section\" data-settings=\"{&quot;background_background&quot;:&quot;classic&quot;}\">\n\t\t\t\t\t\t<div class=\"elementor-container elementor-column-gap-default\">\n\t\t\t\t\t<div class=\"elementor-column elementor-col-50 elementor-top-column elementor-element elementor-element-11c9218e\" data-id=\"11c9218e\" data-element_type=\"column\">\n\t\t\t<div class=\"elementor-widget-wrap elementor-element-populated\">\n\t\t\t\t\t\t<div class=\"elementor-element elementor-element-bf026e5 elementor-widget elementor-widget-heading\" data-id=\"bf026e5\" data-element_type=\"widget\" data-widget_type=\"heading.default\">\n\t\t\t\t<div class=\"elementor-widget-container\">\n\t\t\t\t\t<h1 class=\"elementor-heading-title elementor-size-default\">Ofrecemos clases de Canto en Figueras<\/h1>\t\t\t\t<\/div>\n\t\t\t\t<\/div>\n\t\t\t\t<div class=\"elementor-element elementor-element-154d0772 elementor-widget elementor-widget-text-editor\" data-id=\"154d0772\" data-element_type=\"widget\" data-widget_type=\"text-editor.default\">\n\t\t\t\t<div class=\"elementor-widget-container\">\n\t\t\t\t\t\t\t\t\t<p id=\"u321089-2\">Aprende a cantar como un profesional gracias a una metodolog\u00eda \u00fanica que se adapta a todo tipo de voz y cantante<\/p><p id=\"u321089-4\">En Escola de Dansa i M\u00fasica Pilar Sanchez sabemos lo mucho que amas cantar y cu\u00e1nto te gustar\u00eda aprender a hacerlo bien, como un cantante profesional. Por eso te abrimos las puertas de nuestras salas polivalentes Figueras, donde puedes empezar hoy mismo a aprender t\u00e9cnica vocal y experimentar mejor\u00eda en tu voz desde las primeras sesiones.<\/p><p id=\"u321089-7\">Impartidas por las\u00a0 coach Anna Gratac\u00f3s y Mariel D\u2019Avanzo y su equipo, las clases de canto en Escola de Dansa i M\u00fasica Pilar Sanchez te ayudan a alcanzar notas altas, controlar y mejorar tu voz sin forzarla. No es necesario que tengas experiencia, solo ganas de aprender a cantar y de superarte d\u00eda a d\u00eda, gracias a ejercicios de canto adaptados a tu nivel. De principiantes a amateurs, \u00a1todos podemos cantar con la t\u00e9cnica adecuada!<\/p><p id=\"u321089-10\">Clases de canto Figueres<\/p><p id=\"u321089-12\">Aprendiendo a cantar en Escola de Dansa i M\u00fasica Pilar Sanchez<\/p><p id=\"u321089-14\">\u00a1Pide ahora tu PRIMERA CLASE GRATUITA!<\/p><p id=\"u321089-17\">Divi\u00e9rtete en las clases de canto individuales interpretando temas del estilo que m\u00e1s te gusta<\/p><p id=\"u321089-19\">Sabemos que las emociones son importantes para el aprendizaje, por eso en Escola de Dansa i M\u00fasica Pilar Sanchez aprendes a cantar con las canciones que m\u00e1s te emocionan.<\/p><p id=\"u321089-22\">\u00danete a nuestros d\u00faos, tr\u00edos o disfruta de nuestros grupos tem\u00e1ticos<\/p><p id=\"u321089-24\">Porque aprender a cantar no est\u00e1 re\u00f1ido con divertirse, comparte tu sue\u00f1o con amigos o int\u00e9grate en una de nuestras formaciones para realizar tu curso de canto en Figueres. \u00a1Diversi\u00f3n asegurada!<\/p><p id=\"u321089-27\">Prep\u00e1rate para castings<\/p><p id=\"u321089-29\">\u00bfHas pensado en presentarte al casting de alg\u00fan programa de canto y no sabes si enamorar\u00e1s al jurado? Que te seleccionen para participar en uno de estos programas no solo tiene que ver con la suerte. Por eso, adem\u00e1s de desearlo con todas tus fuerzas, hay algo m\u00e1s que puedes hacer y es mejorar tu t\u00e9cnica vocal.<\/p><p id=\"u321089-32\">Escola de Dansa i M\u00fasica Pilar Sanchez es la escuela de canto en Figueres en la que aprendes canto profesional a tu medida, en un ambiente agradable y desenfadado\u00a0<img decoding=\"async\" class=\"emoji\" role=\"img\" draggable=\"false\" src=\"https:\/\/s.w.org\/images\/core\/emoji\/15.0.3\/svg\/1f642.svg\" alt=\"\ud83d\ude42\" \/><\/p><p id=\"u321089-34\">En la ejecuci\u00f3n de la bachata tradicional, las maracas del bolero fueron sustituidas por la g\u00fcira, se asumi\u00f3 la ejecuci\u00f3n virtuosa y libre del bong\u00f3 propia del son cubano y se incorporaron guitarras al estilo de los tr\u00edos latinoamericanos populares en M\u00e9xico, Cuba y Puerto Rico.1\u200bEn un primer momento, esta manera cruda de interpretaci\u00f3n fue conocida como \u00abbolerito de guitarra\u00bb.<\/p><p id=\"u321089-37\">La bachata surgi\u00f3 en la marginalidad urbana de los bares y burdeles de Santo Domingo. Durante los a\u00f1os sesenta y principios de los setenta, desde\u00f1ada como m\u00fasica de las clases pobres, fue conocida como \u00abm\u00fasica de amargue\u00bb. Este concepto se refer\u00eda al estado de melancol\u00eda provocado por el desamor, siempre reflejado en la tem\u00e1tica de sus composiciones. Su difusi\u00f3n por esos a\u00f1os, estuvo limitada a escasas emisoras, ya que era considerada como una m\u00fasica vulgar. El inter\u00e9s masivo por el ritmo surgi\u00f3 a partir de los a\u00f1os ochenta, con la importancia que alcanz\u00f3 el ritmo en los medios de comunicaci\u00f3n.<\/p>\t\t\t\t\t\t\t\t<\/div>\n\t\t\t\t<\/div>\n\t\t\t\t\t<\/div>\n\t\t<\/div>\n\t\t\t\t<div class=\"elementor-column elementor-col-50 elementor-top-column elementor-element elementor-element-43b3c065\" data-id=\"43b3c065\" data-element_type=\"column\">\n\t\t\t<div class=\"elementor-widget-wrap elementor-element-populated\">\n\t\t\t\t\t\t<div class=\"elementor-element elementor-element-45e93f30 elementor-widget elementor-widget-image\" data-id=\"45e93f30\" data-element_type=\"widget\" data-widget_type=\"image.default\">\n\t\t\t\t<div class=\"elementor-widget-container\">\n\t\t\t\t\t\t\t\t\t\t\t\t\t\t\t\t<a href=\"https:\/\/www.escoladansafigueres.com\/wp-content\/uploads\/2024\/10\/20840643_126297341336847_5853566282036413083_n-crop-u2837102-1.jpg\" data-elementor-open-lightbox=\"no\">\n\t\t\t\t\t\t\t<img fetchpriority=\"high\" decoding=\"async\" width=\"453\" height=\"435\" src=\"https:\/\/www.escoladansafigueres.com\/wp-content\/uploads\/2024\/10\/20840643_126297341336847_5853566282036413083_n-crop-u2837102-1.jpg\" class=\"attachment-full size-full wp-image-295\" alt=\"\" srcset=\"https:\/\/www.escoladansafigueres.com\/wp-content\/uploads\/2024\/10\/20840643_126297341336847_5853566282036413083_n-crop-u2837102-1.jpg 453w, https:\/\/www.escoladansafigueres.com\/wp-content\/uploads\/2024\/10\/20840643_126297341336847_5853566282036413083_n-crop-u2837102-1-300x288.jpg 300w\" sizes=\"(max-width: 453px) 100vw, 453px\" \/>\t\t\t\t\t\t\t\t<\/a>\n\t\t\t\t\t\t\t\t\t\t\t\t\t\t\t<\/div>\n\t\t\t\t<\/div>\n\t\t\t\t\t<\/div>\n\t\t<\/div>\n\t\t\t\t\t<\/div>\n\t\t<\/section>\n\t\t\t\t<\/div>\n\t\t","protected":false},"excerpt":{"rendered":"<p>Inscripciones abiertas M\u00e1s informaci\u00f3n con Pili Ofrecemos clases de Canto en Figueras Aprende a cantar como un profesional gracias a una metodolog\u00eda \u00fanica que se adapta a todo tipo de voz y cantante En Escola de Dansa i M\u00fasica Pilar Sanchez sabemos lo mucho que amas cantar y cu\u00e1nto te gustar\u00eda aprender a hacerlo bien, [&hellip;]<\/p>\n","protected":false},"author":1,"featured_media":0,"parent":12,"menu_order":9,"comment_status":"closed","ping_status":"closed","template":"elementor_header_footer","meta":{"footnotes":""},"class_list":["post-39","page","type-page","status-publish","hentry"],"_links":{"self":[{"href":"https:\/\/www.escoladansafigueres.com\/index.php\/wp-json\/wp\/v2\/pages\/39","targetHints":{"allow":["GET"]}}],"collection":[{"href":"https:\/\/www.escoladansafigueres.com\/index.php\/wp-json\/wp\/v2\/pages"}],"about":[{"href":"https:\/\/www.escoladansafigueres.com\/index.php\/wp-json\/wp\/v2\/types\/page"}],"author":[{"embeddable":true,"href":"https:\/\/www.escoladansafigueres.com\/index.php\/wp-json\/wp\/v2\/users\/1"}],"replies":[{"embeddable":true,"href":"https:\/\/www.escoladansafigueres.com\/index.php\/wp-json\/wp\/v2\/comments?post=39"}],"version-history":[{"count":10,"href":"https:\/\/www.escoladansafigueres.com\/index.php\/wp-json\/wp\/v2\/pages\/39\/revisions"}],"predecessor-version":[{"id":637,"href":"https:\/\/www.escoladansafigueres.com\/index.php\/wp-json\/wp\/v2\/pages\/39\/revisions\/637"}],"up":[{"embeddable":true,"href":"https:\/\/www.escoladansafigueres.com\/index.php\/wp-json\/wp\/v2\/pages\/12"}],"wp:attachment":[{"href":"https:\/\/www.escoladansafigueres.com\/index.php\/wp-json\/wp\/v2\/media?parent=39"}],"curies":[{"name":"wp","href":"https:\/\/api.w.org\/{rel}","templated":true}]}}