{"id":41,"date":"2024-10-04T01:32:34","date_gmt":"2024-10-04T01:32:34","guid":{"rendered":"https:\/\/www.escoladansafigueres.com\/?page_id=41"},"modified":"2024-11-26T01:45:23","modified_gmt":"2024-11-26T01:45:23","slug":"guitarra","status":"publish","type":"page","link":"https:\/\/www.escoladansafigueres.com\/index.php\/disciplines\/guitarra\/","title":{"rendered":"Guitarra"},"content":{"rendered":"\t\t<div data-elementor-type=\"wp-page\" data-elementor-id=\"41\" class=\"elementor elementor-41\" data-elementor-post-type=\"page\">\n\t\t\t\t\t\t<section class=\"elementor-section elementor-top-section elementor-element elementor-element-44fc1542 elementor-section-height-min-height elementor-section-items-bottom elementor-section-content-bottom elementor-section-boxed elementor-section-height-default\" data-id=\"44fc1542\" data-element_type=\"section\" data-settings=\"{&quot;background_background&quot;:&quot;slideshow&quot;,&quot;background_slideshow_gallery&quot;:[{&quot;id&quot;:238,&quot;url&quot;:&quot;https:\\\/\\\/www.escoladansafigueres.com\\\/wp-content\\\/uploads\\\/2024\\\/10\\\/img_8408.jpg&quot;},{&quot;id&quot;:210,&quot;url&quot;:&quot;https:\\\/\\\/www.escoladansafigueres.com\\\/wp-content\\\/uploads\\\/2024\\\/10\\\/20914367_126286931337888_5832812467822432499_n.jpg&quot;},{&quot;id&quot;:208,&quot;url&quot;:&quot;https:\\\/\\\/www.escoladansafigueres.com\\\/wp-content\\\/uploads\\\/2024\\\/10\\\/20882662_126286414671273_2880158483331899994_n.jpg&quot;},{&quot;id&quot;:239,&quot;url&quot;:&quot;https:\\\/\\\/www.escoladansafigueres.com\\\/wp-content\\\/uploads\\\/2024\\\/10\\\/img_8409.jpg&quot;}],&quot;background_slideshow_loop&quot;:&quot;yes&quot;,&quot;background_slideshow_slide_duration&quot;:5000,&quot;background_slideshow_slide_transition&quot;:&quot;fade&quot;,&quot;background_slideshow_transition_duration&quot;:500}\">\n\t\t\t\t\t\t\t<div class=\"elementor-background-overlay\"><\/div>\n\t\t\t\t\t\t\t<div class=\"elementor-container elementor-column-gap-default\">\n\t\t\t\t\t<div class=\"elementor-column elementor-col-100 elementor-top-column elementor-element elementor-element-6eac3a07\" data-id=\"6eac3a07\" data-element_type=\"column\">\n\t\t\t<div class=\"elementor-widget-wrap elementor-element-populated\">\n\t\t\t\t\t\t<div class=\"elementor-element elementor-element-45412842 elementor-widget-divider--view-line elementor-widget elementor-widget-divider\" data-id=\"45412842\" data-element_type=\"widget\" data-widget_type=\"divider.default\">\n\t\t\t\t<div class=\"elementor-widget-container\">\n\t\t\t\t\t\t\t<div class=\"elementor-divider\">\n\t\t\t<span class=\"elementor-divider-separator\">\n\t\t\t\t\t\t<\/span>\n\t\t<\/div>\n\t\t\t\t\t\t<\/div>\n\t\t\t\t<\/div>\n\t\t\t\t\t<\/div>\n\t\t<\/div>\n\t\t\t\t\t<\/div>\n\t\t<\/section>\n\t\t\t\t<section class=\"elementor-section elementor-top-section elementor-element elementor-element-fab6cd6 elementor-section-boxed elementor-section-height-default elementor-section-height-default\" data-id=\"fab6cd6\" data-element_type=\"section\">\n\t\t\t\t\t\t<div class=\"elementor-container elementor-column-gap-default\">\n\t\t\t\t\t<div class=\"elementor-column elementor-col-100 elementor-top-column elementor-element elementor-element-ea86f04\" data-id=\"ea86f04\" data-element_type=\"column\">\n\t\t\t<div class=\"elementor-widget-wrap elementor-element-populated\">\n\t\t\t\t\t\t<section class=\"elementor-section elementor-inner-section elementor-element elementor-element-6d1cc2f elementor-section-boxed elementor-section-height-default elementor-section-height-default\" data-id=\"6d1cc2f\" data-element_type=\"section\">\n\t\t\t\t\t\t<div class=\"elementor-container elementor-column-gap-default\">\n\t\t\t\t\t<div class=\"elementor-column elementor-col-50 elementor-inner-column elementor-element elementor-element-d80fdeb\" data-id=\"d80fdeb\" data-element_type=\"column\">\n\t\t\t<div class=\"elementor-widget-wrap elementor-element-populated\">\n\t\t\t\t\t\t<div class=\"elementor-element elementor-element-6c969bb elementor-widget elementor-widget-heading\" data-id=\"6c969bb\" data-element_type=\"widget\" data-widget_type=\"heading.default\">\n\t\t\t\t<div class=\"elementor-widget-container\">\n\t\t\t\t\t<h2 class=\"elementor-heading-title elementor-size-default\">Inscripciones abiertas\n\n<\/h2>\t\t\t\t<\/div>\n\t\t\t\t<\/div>\n\t\t\t\t\t<\/div>\n\t\t<\/div>\n\t\t\t\t<div class=\"elementor-column elementor-col-50 elementor-inner-column elementor-element elementor-element-9f58685\" data-id=\"9f58685\" data-element_type=\"column\">\n\t\t\t<div class=\"elementor-widget-wrap elementor-element-populated\">\n\t\t\t\t\t\t<div class=\"elementor-element elementor-element-c518e46 elementor-align-center elementor-widget elementor-widget-global elementor-global-485 elementor-widget-button\" data-id=\"c518e46\" data-element_type=\"widget\" data-widget_type=\"button.default\">\n\t\t\t\t<div class=\"elementor-widget-container\">\n\t\t\t\t\t\t\t\t\t<div class=\"elementor-button-wrapper\">\n\t\t\t\t\t<a class=\"elementor-button elementor-button-link elementor-size-sm elementor-animation-grow\" href=\"tel:\/\/+34639329543\">\n\t\t\t\t\t\t<span class=\"elementor-button-content-wrapper\">\n\t\t\t\t\t\t<span class=\"elementor-button-icon\">\n\t\t\t\t<i aria-hidden=\"true\" class=\"fas fa-chevron-right\"><\/i>\t\t\t<\/span>\n\t\t\t\t\t\t\t\t\t<span class=\"elementor-button-text\">M\u00e1s informaci\u00f3n con Pili<\/span>\n\t\t\t\t\t<\/span>\n\t\t\t\t\t<\/a>\n\t\t\t\t<\/div>\n\t\t\t\t\t\t\t\t<\/div>\n\t\t\t\t<\/div>\n\t\t\t\t\t<\/div>\n\t\t<\/div>\n\t\t\t\t\t<\/div>\n\t\t<\/section>\n\t\t\t\t\t<\/div>\n\t\t<\/div>\n\t\t\t\t\t<\/div>\n\t\t<\/section>\n\t\t\t\t<section class=\"elementor-section elementor-top-section elementor-element elementor-element-558011eb elementor-section-boxed elementor-section-height-default elementor-section-height-default\" data-id=\"558011eb\" data-element_type=\"section\" data-settings=\"{&quot;background_background&quot;:&quot;classic&quot;}\">\n\t\t\t\t\t\t<div class=\"elementor-container elementor-column-gap-default\">\n\t\t\t\t\t<div class=\"elementor-column elementor-col-50 elementor-top-column elementor-element elementor-element-47aa06a2\" data-id=\"47aa06a2\" data-element_type=\"column\">\n\t\t\t<div class=\"elementor-widget-wrap elementor-element-populated\">\n\t\t\t\t\t\t<div class=\"elementor-element elementor-element-1baad065 elementor-widget elementor-widget-heading\" data-id=\"1baad065\" data-element_type=\"widget\" data-widget_type=\"heading.default\">\n\t\t\t\t<div class=\"elementor-widget-container\">\n\t\t\t\t\t<h1 class=\"elementor-heading-title elementor-size-default\">Ofrecemos clases de Guitarra en Figueras<\/h1>\t\t\t\t<\/div>\n\t\t\t\t<\/div>\n\t\t\t\t<div class=\"elementor-element elementor-element-79fed870 elementor-widget elementor-widget-text-editor\" data-id=\"79fed870\" data-element_type=\"widget\" data-widget_type=\"text-editor.default\">\n\t\t\t\t<div class=\"elementor-widget-container\">\n\t\t\t\t\t\t\t\t\t<p id=\"u321793-2\">Guitarra el\u00e9ctrica, cl\u00e1sica (o espa\u00f1ola) y ac\u00fastica.<\/p><p id=\"u321793-5\">Todos los niveles.<\/p><p id=\"u321793-8\">Centradas en los estilos que m\u00e1s te interesen: pop, rock, heavy, blues, fusi\u00f3n, rumba\u2026<\/p><p id=\"u321793-11\">Entender c\u00f3mo funcionan es importante, no s\u00f3lo para tocar, si no tambi\u00e9n para asimilar lo que est\u00e1 pasando y como podremos aplicarlo en el futuro a nuestra propia m\u00fasica.<\/p><p id=\"u321793-14\">El m\u00e9todo que utilizo es esencialmente pr\u00e1ctico, efectivo y ameno; y recoge elementos de algunas de las mejores escuelas internacionales de guitarra.<\/p><p id=\"u321793-17\">Trabajaremos todas las \u00e1reas de la guitarra. Entre otros:<\/p><p id=\"u321793-20\">\u2013 T\u00e9cnicas b\u00e1sicas: bending, vibratto, hammer on y pull off, glissando<\/p><p id=\"u321793-23\">\u2013 Escalas: pentat\u00f3nicas, diat\u00f3nicas, menores mel\u00f3dica y arm\u00f3nica, modos y su colocaci\u00f3n por todo el m\u00e1stil, ejercicios de calentamiento\u2026<\/p><p id=\"u321793-26\">\u2013 Improvisaci\u00f3n y sus recursos: o\u00eddo interno, patrones, creaci\u00f3n y desarrollo de motivos\u2026<\/p><p id=\"u321793-29\">\u2013 Armon\u00eda: tonalidad, los modos, principios de composici\u00f3n, construcci\u00f3n de acordes y c\u00f3mo embellecerlos con\u00a0 tensiones\u2026<\/p><p id=\"u321793-32\">\u2013 Analisis de solos y temas, de guitarristas emblematicos, as\u00ed como de aquellos que m\u00e1s te interesen.<\/p><p id=\"u321793-35\">\u2013 Ritmo: interiorizaci\u00f3n, ejecuci\u00f3n, desplazamiento\u2026<\/p><p id=\"u321793-38\">\u2013 T\u00e9cnicas avanzadas: sweep picking, tapping, legato, string skipping, arm\u00f3nicos\u2026<\/p><p id=\"u321793-41\">\u2013 T\u00e9cnica de mano derecha: arpegiado, r\u00edtmica funk, elementos percusivos\u2026<\/p><p id=\"u321793-46\">Tocando los temas que m\u00e1s te gusten y combin\u00e1ndolos con otros que te propondr\u00e9 para trabajar cuestiones espec\u00edficas.<\/p><p id=\"u321793-49\">Las clases son semanales, de una hora de duraci\u00f3n y pueden ser individuales o en grupos de dos personas del mismo nivel.<\/p>\t\t\t\t\t\t\t\t<\/div>\n\t\t\t\t<\/div>\n\t\t\t\t\t<\/div>\n\t\t<\/div>\n\t\t\t\t<div class=\"elementor-column elementor-col-50 elementor-top-column elementor-element elementor-element-12a38129\" data-id=\"12a38129\" data-element_type=\"column\">\n\t\t\t<div class=\"elementor-widget-wrap elementor-element-populated\">\n\t\t\t\t\t\t<div class=\"elementor-element elementor-element-5504bda1 elementor-widget elementor-widget-image\" data-id=\"5504bda1\" data-element_type=\"widget\" data-widget_type=\"image.default\">\n\t\t\t\t<div class=\"elementor-widget-container\">\n\t\t\t\t\t\t\t\t\t\t\t\t\t\t\t\t<a href=\"https:\/\/www.escoladansafigueres.com\/wp-content\/uploads\/2024\/10\/20840643_126297341336847_5853566282036413083_n-crop-u2837102-1.jpg\" data-elementor-open-lightbox=\"no\">\n\t\t\t\t\t\t\t<img fetchpriority=\"high\" decoding=\"async\" width=\"453\" height=\"435\" src=\"https:\/\/www.escoladansafigueres.com\/wp-content\/uploads\/2024\/10\/20840643_126297341336847_5853566282036413083_n-crop-u2837102-1.jpg\" class=\"attachment-full size-full wp-image-295\" alt=\"\" srcset=\"https:\/\/www.escoladansafigueres.com\/wp-content\/uploads\/2024\/10\/20840643_126297341336847_5853566282036413083_n-crop-u2837102-1.jpg 453w, https:\/\/www.escoladansafigueres.com\/wp-content\/uploads\/2024\/10\/20840643_126297341336847_5853566282036413083_n-crop-u2837102-1-300x288.jpg 300w\" sizes=\"(max-width: 453px) 100vw, 453px\" \/>\t\t\t\t\t\t\t\t<\/a>\n\t\t\t\t\t\t\t\t\t\t\t\t\t\t\t<\/div>\n\t\t\t\t<\/div>\n\t\t\t\t\t<\/div>\n\t\t<\/div>\n\t\t\t\t\t<\/div>\n\t\t<\/section>\n\t\t\t\t<\/div>\n\t\t","protected":false},"excerpt":{"rendered":"<p>Inscripciones abiertas M\u00e1s informaci\u00f3n con Pili Ofrecemos clases de Guitarra en Figueras Guitarra el\u00e9ctrica, cl\u00e1sica (o espa\u00f1ola) y ac\u00fastica. Todos los niveles. Centradas en los estilos que m\u00e1s te interesen: pop, rock, heavy, blues, fusi\u00f3n, rumba\u2026 Entender c\u00f3mo funcionan es importante, no s\u00f3lo para tocar, si no tambi\u00e9n para asimilar lo que est\u00e1 pasando y [&hellip;]<\/p>\n","protected":false},"author":1,"featured_media":0,"parent":12,"menu_order":10,"comment_status":"closed","ping_status":"closed","template":"elementor_header_footer","meta":{"footnotes":""},"class_list":["post-41","page","type-page","status-publish","hentry"],"_links":{"self":[{"href":"https:\/\/www.escoladansafigueres.com\/index.php\/wp-json\/wp\/v2\/pages\/41","targetHints":{"allow":["GET"]}}],"collection":[{"href":"https:\/\/www.escoladansafigueres.com\/index.php\/wp-json\/wp\/v2\/pages"}],"about":[{"href":"https:\/\/www.escoladansafigueres.com\/index.php\/wp-json\/wp\/v2\/types\/page"}],"author":[{"embeddable":true,"href":"https:\/\/www.escoladansafigueres.com\/index.php\/wp-json\/wp\/v2\/users\/1"}],"replies":[{"embeddable":true,"href":"https:\/\/www.escoladansafigueres.com\/index.php\/wp-json\/wp\/v2\/comments?post=41"}],"version-history":[{"count":13,"href":"https:\/\/www.escoladansafigueres.com\/index.php\/wp-json\/wp\/v2\/pages\/41\/revisions"}],"predecessor-version":[{"id":640,"href":"https:\/\/www.escoladansafigueres.com\/index.php\/wp-json\/wp\/v2\/pages\/41\/revisions\/640"}],"up":[{"embeddable":true,"href":"https:\/\/www.escoladansafigueres.com\/index.php\/wp-json\/wp\/v2\/pages\/12"}],"wp:attachment":[{"href":"https:\/\/www.escoladansafigueres.com\/index.php\/wp-json\/wp\/v2\/media?parent=41"}],"curies":[{"name":"wp","href":"https:\/\/api.w.org\/{rel}","templated":true}]}}