{"id":47,"date":"2024-10-04T01:34:17","date_gmt":"2024-10-04T01:34:17","guid":{"rendered":"https:\/\/www.escoladansafigueres.com\/?page_id=47"},"modified":"2024-11-26T01:45:49","modified_gmt":"2024-11-26T01:45:49","slug":"teatre-musical","status":"publish","type":"page","link":"https:\/\/www.escoladansafigueres.com\/index.php\/disciplines\/teatre-musical\/","title":{"rendered":"Teatre musical"},"content":{"rendered":"\t\t<div data-elementor-type=\"wp-page\" data-elementor-id=\"47\" class=\"elementor elementor-47\" data-elementor-post-type=\"page\">\n\t\t\t\t\t\t<section class=\"elementor-section elementor-top-section elementor-element elementor-element-3b912a8c elementor-section-height-min-height elementor-section-items-bottom elementor-section-content-bottom elementor-section-boxed elementor-section-height-default\" data-id=\"3b912a8c\" data-element_type=\"section\" data-settings=\"{&quot;background_background&quot;:&quot;slideshow&quot;,&quot;background_slideshow_gallery&quot;:[{&quot;id&quot;:238,&quot;url&quot;:&quot;https:\\\/\\\/www.escoladansafigueres.com\\\/wp-content\\\/uploads\\\/2024\\\/10\\\/img_8408.jpg&quot;},{&quot;id&quot;:210,&quot;url&quot;:&quot;https:\\\/\\\/www.escoladansafigueres.com\\\/wp-content\\\/uploads\\\/2024\\\/10\\\/20914367_126286931337888_5832812467822432499_n.jpg&quot;},{&quot;id&quot;:208,&quot;url&quot;:&quot;https:\\\/\\\/www.escoladansafigueres.com\\\/wp-content\\\/uploads\\\/2024\\\/10\\\/20882662_126286414671273_2880158483331899994_n.jpg&quot;},{&quot;id&quot;:239,&quot;url&quot;:&quot;https:\\\/\\\/www.escoladansafigueres.com\\\/wp-content\\\/uploads\\\/2024\\\/10\\\/img_8409.jpg&quot;}],&quot;background_slideshow_loop&quot;:&quot;yes&quot;,&quot;background_slideshow_slide_duration&quot;:5000,&quot;background_slideshow_slide_transition&quot;:&quot;fade&quot;,&quot;background_slideshow_transition_duration&quot;:500}\">\n\t\t\t\t\t\t\t<div class=\"elementor-background-overlay\"><\/div>\n\t\t\t\t\t\t\t<div class=\"elementor-container elementor-column-gap-default\">\n\t\t\t\t\t<div class=\"elementor-column elementor-col-100 elementor-top-column elementor-element elementor-element-35664891\" data-id=\"35664891\" data-element_type=\"column\">\n\t\t\t<div class=\"elementor-widget-wrap elementor-element-populated\">\n\t\t\t\t\t\t<div class=\"elementor-element elementor-element-778747ba elementor-widget-divider--view-line elementor-widget elementor-widget-divider\" data-id=\"778747ba\" data-element_type=\"widget\" data-widget_type=\"divider.default\">\n\t\t\t\t<div class=\"elementor-widget-container\">\n\t\t\t\t\t\t\t<div class=\"elementor-divider\">\n\t\t\t<span class=\"elementor-divider-separator\">\n\t\t\t\t\t\t<\/span>\n\t\t<\/div>\n\t\t\t\t\t\t<\/div>\n\t\t\t\t<\/div>\n\t\t\t\t\t<\/div>\n\t\t<\/div>\n\t\t\t\t\t<\/div>\n\t\t<\/section>\n\t\t\t\t<section class=\"elementor-section elementor-top-section elementor-element elementor-element-c27335e elementor-section-boxed elementor-section-height-default elementor-section-height-default\" data-id=\"c27335e\" data-element_type=\"section\">\n\t\t\t\t\t\t<div class=\"elementor-container elementor-column-gap-default\">\n\t\t\t\t\t<div class=\"elementor-column elementor-col-100 elementor-top-column elementor-element elementor-element-500713a\" data-id=\"500713a\" data-element_type=\"column\">\n\t\t\t<div class=\"elementor-widget-wrap elementor-element-populated\">\n\t\t\t\t\t\t<section class=\"elementor-section elementor-inner-section elementor-element elementor-element-e8ff4cf elementor-section-boxed elementor-section-height-default elementor-section-height-default\" data-id=\"e8ff4cf\" data-element_type=\"section\">\n\t\t\t\t\t\t<div class=\"elementor-container elementor-column-gap-default\">\n\t\t\t\t\t<div class=\"elementor-column elementor-col-50 elementor-inner-column elementor-element elementor-element-ea0292a\" data-id=\"ea0292a\" data-element_type=\"column\">\n\t\t\t<div class=\"elementor-widget-wrap elementor-element-populated\">\n\t\t\t\t\t\t<div class=\"elementor-element elementor-element-20cafa4 elementor-widget elementor-widget-heading\" data-id=\"20cafa4\" data-element_type=\"widget\" data-widget_type=\"heading.default\">\n\t\t\t\t<div class=\"elementor-widget-container\">\n\t\t\t\t\t<h2 class=\"elementor-heading-title elementor-size-default\">Inscripciones abiertas\n\n<\/h2>\t\t\t\t<\/div>\n\t\t\t\t<\/div>\n\t\t\t\t\t<\/div>\n\t\t<\/div>\n\t\t\t\t<div class=\"elementor-column elementor-col-50 elementor-inner-column elementor-element elementor-element-6dcd454\" data-id=\"6dcd454\" data-element_type=\"column\">\n\t\t\t<div class=\"elementor-widget-wrap elementor-element-populated\">\n\t\t\t\t\t\t<div class=\"elementor-element elementor-element-4241381 elementor-align-center elementor-widget elementor-widget-global elementor-global-485 elementor-widget-button\" data-id=\"4241381\" data-element_type=\"widget\" data-widget_type=\"button.default\">\n\t\t\t\t<div class=\"elementor-widget-container\">\n\t\t\t\t\t\t\t\t\t<div class=\"elementor-button-wrapper\">\n\t\t\t\t\t<a class=\"elementor-button elementor-button-link elementor-size-sm elementor-animation-grow\" href=\"tel:\/\/+34639329543\">\n\t\t\t\t\t\t<span class=\"elementor-button-content-wrapper\">\n\t\t\t\t\t\t<span class=\"elementor-button-icon\">\n\t\t\t\t<i aria-hidden=\"true\" class=\"fas fa-chevron-right\"><\/i>\t\t\t<\/span>\n\t\t\t\t\t\t\t\t\t<span class=\"elementor-button-text\">M\u00e1s informaci\u00f3n con Pili<\/span>\n\t\t\t\t\t<\/span>\n\t\t\t\t\t<\/a>\n\t\t\t\t<\/div>\n\t\t\t\t\t\t\t\t<\/div>\n\t\t\t\t<\/div>\n\t\t\t\t\t<\/div>\n\t\t<\/div>\n\t\t\t\t\t<\/div>\n\t\t<\/section>\n\t\t\t\t\t<\/div>\n\t\t<\/div>\n\t\t\t\t\t<\/div>\n\t\t<\/section>\n\t\t\t\t<section class=\"elementor-section elementor-top-section elementor-element elementor-element-8bef2b2 elementor-section-boxed elementor-section-height-default elementor-section-height-default\" data-id=\"8bef2b2\" data-element_type=\"section\" data-settings=\"{&quot;background_background&quot;:&quot;classic&quot;}\">\n\t\t\t\t\t\t<div class=\"elementor-container elementor-column-gap-default\">\n\t\t\t\t\t<div class=\"elementor-column elementor-col-50 elementor-top-column elementor-element elementor-element-36a0c9a6\" data-id=\"36a0c9a6\" data-element_type=\"column\">\n\t\t\t<div class=\"elementor-widget-wrap elementor-element-populated\">\n\t\t\t\t\t\t<div class=\"elementor-element elementor-element-5c119ddd elementor-widget elementor-widget-heading\" data-id=\"5c119ddd\" data-element_type=\"widget\" data-widget_type=\"heading.default\">\n\t\t\t\t<div class=\"elementor-widget-container\">\n\t\t\t\t\t<h2 class=\"elementor-heading-title elementor-size-default\">Ofrecemos clases de Teatro Musical en Figueras\n\n<\/h2>\t\t\t\t<\/div>\n\t\t\t\t<\/div>\n\t\t\t\t<div class=\"elementor-element elementor-element-75340169 elementor-widget elementor-widget-text-editor\" data-id=\"75340169\" data-element_type=\"widget\" data-widget_type=\"text-editor.default\">\n\t\t\t\t<div class=\"elementor-widget-container\">\n\t\t\t\t\t\t\t\t\t<p id=\"u324323-2\">Queremos ayudarte para que transformes tus sue\u00f1os en realidad.<\/p><p id=\"u324323-4\">Perfeccionando tu movimiento natural a trav\u00e9s de la danza.<\/p><p id=\"u324323-6\">Explorando tu sonido hasta alcanzar el brillo y color de la voz esc\u00e9nica.<\/p><p id=\"u324323-8\">Acompa\u00f1ado con la m\u00fasica, que cantes actuando con energ\u00eda y potencia<\/p><p id=\"u324323-11\">Sintiendo como tu palabra en escena transmite emoci\u00f3n y verdad al p\u00fablico.<\/p><p id=\"u324323-13\">Palpita ante la c\u00e1mara interpretando la vida de diferentes personajes\u2026<\/p><p id=\"u324323-16\">S\u00f3lo necesitas entrenamiento con disciplina, trabajo consciente, mucha pasi\u00f3n y una s\u00f3lida vocaci\u00f3n art\u00edstica. Este es tu espacio.<\/p>\t\t\t\t\t\t\t\t<\/div>\n\t\t\t\t<\/div>\n\t\t\t\t\t<\/div>\n\t\t<\/div>\n\t\t\t\t<div class=\"elementor-column elementor-col-50 elementor-top-column elementor-element elementor-element-1159960f\" data-id=\"1159960f\" data-element_type=\"column\">\n\t\t\t<div class=\"elementor-widget-wrap elementor-element-populated\">\n\t\t\t\t\t\t<div class=\"elementor-element elementor-element-21741bd elementor-widget elementor-widget-image\" data-id=\"21741bd\" data-element_type=\"widget\" data-widget_type=\"image.default\">\n\t\t\t\t<div class=\"elementor-widget-container\">\n\t\t\t\t\t\t\t\t\t\t\t\t\t\t\t\t<a href=\"https:\/\/www.escoladansafigueres.com\/wp-content\/uploads\/2024\/10\/20840643_126297341336847_5853566282036413083_n-crop-u2837102-1.jpg\" data-elementor-open-lightbox=\"no\">\n\t\t\t\t\t\t\t<img fetchpriority=\"high\" decoding=\"async\" width=\"453\" height=\"435\" src=\"https:\/\/www.escoladansafigueres.com\/wp-content\/uploads\/2024\/10\/20840643_126297341336847_5853566282036413083_n-crop-u2837102-1.jpg\" class=\"attachment-full size-full wp-image-295\" alt=\"\" srcset=\"https:\/\/www.escoladansafigueres.com\/wp-content\/uploads\/2024\/10\/20840643_126297341336847_5853566282036413083_n-crop-u2837102-1.jpg 453w, https:\/\/www.escoladansafigueres.com\/wp-content\/uploads\/2024\/10\/20840643_126297341336847_5853566282036413083_n-crop-u2837102-1-300x288.jpg 300w\" sizes=\"(max-width: 453px) 100vw, 453px\" \/>\t\t\t\t\t\t\t\t<\/a>\n\t\t\t\t\t\t\t\t\t\t\t\t\t\t\t<\/div>\n\t\t\t\t<\/div>\n\t\t\t\t\t<\/div>\n\t\t<\/div>\n\t\t\t\t\t<\/div>\n\t\t<\/section>\n\t\t\t\t<\/div>\n\t\t","protected":false},"excerpt":{"rendered":"<p>Inscripciones abiertas M\u00e1s informaci\u00f3n con Pili Ofrecemos clases de Teatro Musical en Figueras Queremos ayudarte para que transformes tus sue\u00f1os en realidad. Perfeccionando tu movimiento natural a trav\u00e9s de la danza. Explorando tu sonido hasta alcanzar el brillo y color de la voz esc\u00e9nica. Acompa\u00f1ado con la m\u00fasica, que cantes actuando con energ\u00eda y potencia [&hellip;]<\/p>\n","protected":false},"author":1,"featured_media":0,"parent":12,"menu_order":12,"comment_status":"closed","ping_status":"closed","template":"elementor_header_footer","meta":{"footnotes":""},"class_list":["post-47","page","type-page","status-publish","hentry"],"_links":{"self":[{"href":"https:\/\/www.escoladansafigueres.com\/index.php\/wp-json\/wp\/v2\/pages\/47","targetHints":{"allow":["GET"]}}],"collection":[{"href":"https:\/\/www.escoladansafigueres.com\/index.php\/wp-json\/wp\/v2\/pages"}],"about":[{"href":"https:\/\/www.escoladansafigueres.com\/index.php\/wp-json\/wp\/v2\/types\/page"}],"author":[{"embeddable":true,"href":"https:\/\/www.escoladansafigueres.com\/index.php\/wp-json\/wp\/v2\/users\/1"}],"replies":[{"embeddable":true,"href":"https:\/\/www.escoladansafigueres.com\/index.php\/wp-json\/wp\/v2\/comments?post=47"}],"version-history":[{"count":10,"href":"https:\/\/www.escoladansafigueres.com\/index.php\/wp-json\/wp\/v2\/pages\/47\/revisions"}],"predecessor-version":[{"id":649,"href":"https:\/\/www.escoladansafigueres.com\/index.php\/wp-json\/wp\/v2\/pages\/47\/revisions\/649"}],"up":[{"embeddable":true,"href":"https:\/\/www.escoladansafigueres.com\/index.php\/wp-json\/wp\/v2\/pages\/12"}],"wp:attachment":[{"href":"https:\/\/www.escoladansafigueres.com\/index.php\/wp-json\/wp\/v2\/media?parent=47"}],"curies":[{"name":"wp","href":"https:\/\/api.w.org\/{rel}","templated":true}]}}