{"id":49,"date":"2024-10-04T01:35:30","date_gmt":"2024-10-04T01:35:30","guid":{"rendered":"https:\/\/www.escoladansafigueres.com\/?page_id=49"},"modified":"2024-11-26T01:46:06","modified_gmt":"2024-11-26T01:46:06","slug":"tango-argenti","status":"publish","type":"page","link":"https:\/\/www.escoladansafigueres.com\/index.php\/disciplines\/tango-argenti\/","title":{"rendered":"Tango argent\u00ed"},"content":{"rendered":"\t\t<div data-elementor-type=\"wp-page\" data-elementor-id=\"49\" class=\"elementor elementor-49\" data-elementor-post-type=\"page\">\n\t\t\t\t\t\t<section class=\"elementor-section elementor-top-section elementor-element elementor-element-6e221126 elementor-section-height-min-height elementor-section-items-bottom elementor-section-content-bottom elementor-section-boxed elementor-section-height-default\" data-id=\"6e221126\" data-element_type=\"section\" data-settings=\"{&quot;background_background&quot;:&quot;slideshow&quot;,&quot;background_slideshow_gallery&quot;:[{&quot;id&quot;:238,&quot;url&quot;:&quot;https:\\\/\\\/www.escoladansafigueres.com\\\/wp-content\\\/uploads\\\/2024\\\/10\\\/img_8408.jpg&quot;},{&quot;id&quot;:210,&quot;url&quot;:&quot;https:\\\/\\\/www.escoladansafigueres.com\\\/wp-content\\\/uploads\\\/2024\\\/10\\\/20914367_126286931337888_5832812467822432499_n.jpg&quot;},{&quot;id&quot;:208,&quot;url&quot;:&quot;https:\\\/\\\/www.escoladansafigueres.com\\\/wp-content\\\/uploads\\\/2024\\\/10\\\/20882662_126286414671273_2880158483331899994_n.jpg&quot;},{&quot;id&quot;:239,&quot;url&quot;:&quot;https:\\\/\\\/www.escoladansafigueres.com\\\/wp-content\\\/uploads\\\/2024\\\/10\\\/img_8409.jpg&quot;}],&quot;background_slideshow_loop&quot;:&quot;yes&quot;,&quot;background_slideshow_slide_duration&quot;:5000,&quot;background_slideshow_slide_transition&quot;:&quot;fade&quot;,&quot;background_slideshow_transition_duration&quot;:500}\">\n\t\t\t\t\t\t\t<div class=\"elementor-background-overlay\"><\/div>\n\t\t\t\t\t\t\t<div class=\"elementor-container elementor-column-gap-default\">\n\t\t\t\t\t<div class=\"elementor-column elementor-col-100 elementor-top-column elementor-element elementor-element-38ad9ce6\" data-id=\"38ad9ce6\" data-element_type=\"column\">\n\t\t\t<div class=\"elementor-widget-wrap elementor-element-populated\">\n\t\t\t\t\t\t<div class=\"elementor-element elementor-element-1cbdd93b elementor-widget-divider--view-line elementor-widget elementor-widget-divider\" data-id=\"1cbdd93b\" data-element_type=\"widget\" data-widget_type=\"divider.default\">\n\t\t\t\t<div class=\"elementor-widget-container\">\n\t\t\t\t\t\t\t<div class=\"elementor-divider\">\n\t\t\t<span class=\"elementor-divider-separator\">\n\t\t\t\t\t\t<\/span>\n\t\t<\/div>\n\t\t\t\t\t\t<\/div>\n\t\t\t\t<\/div>\n\t\t\t\t\t<\/div>\n\t\t<\/div>\n\t\t\t\t\t<\/div>\n\t\t<\/section>\n\t\t\t\t<section class=\"elementor-section elementor-top-section elementor-element elementor-element-f2a32dd elementor-section-boxed elementor-section-height-default elementor-section-height-default\" data-id=\"f2a32dd\" data-element_type=\"section\">\n\t\t\t\t\t\t<div class=\"elementor-container elementor-column-gap-default\">\n\t\t\t\t\t<div class=\"elementor-column elementor-col-100 elementor-top-column elementor-element elementor-element-ca97992\" data-id=\"ca97992\" data-element_type=\"column\">\n\t\t\t<div class=\"elementor-widget-wrap elementor-element-populated\">\n\t\t\t\t\t\t<section class=\"elementor-section elementor-inner-section elementor-element elementor-element-cb5be7e elementor-section-boxed elementor-section-height-default elementor-section-height-default\" data-id=\"cb5be7e\" data-element_type=\"section\">\n\t\t\t\t\t\t<div class=\"elementor-container elementor-column-gap-default\">\n\t\t\t\t\t<div class=\"elementor-column elementor-col-50 elementor-inner-column elementor-element elementor-element-ea5ad9d\" data-id=\"ea5ad9d\" data-element_type=\"column\">\n\t\t\t<div class=\"elementor-widget-wrap elementor-element-populated\">\n\t\t\t\t\t\t<div class=\"elementor-element elementor-element-ff11ffb elementor-widget elementor-widget-heading\" data-id=\"ff11ffb\" data-element_type=\"widget\" data-widget_type=\"heading.default\">\n\t\t\t\t<div class=\"elementor-widget-container\">\n\t\t\t\t\t<h2 class=\"elementor-heading-title elementor-size-default\">Inscripciones abiertas\n\n<\/h2>\t\t\t\t<\/div>\n\t\t\t\t<\/div>\n\t\t\t\t\t<\/div>\n\t\t<\/div>\n\t\t\t\t<div class=\"elementor-column elementor-col-50 elementor-inner-column elementor-element elementor-element-c22259a\" data-id=\"c22259a\" data-element_type=\"column\">\n\t\t\t<div class=\"elementor-widget-wrap elementor-element-populated\">\n\t\t\t\t\t\t<div class=\"elementor-element elementor-element-bad2f90 elementor-align-center elementor-widget elementor-widget-global elementor-global-485 elementor-widget-button\" data-id=\"bad2f90\" data-element_type=\"widget\" data-widget_type=\"button.default\">\n\t\t\t\t<div class=\"elementor-widget-container\">\n\t\t\t\t\t\t\t\t\t<div class=\"elementor-button-wrapper\">\n\t\t\t\t\t<a class=\"elementor-button elementor-button-link elementor-size-sm elementor-animation-grow\" href=\"tel:\/\/+34639329543\">\n\t\t\t\t\t\t<span class=\"elementor-button-content-wrapper\">\n\t\t\t\t\t\t<span class=\"elementor-button-icon\">\n\t\t\t\t<i aria-hidden=\"true\" class=\"fas fa-chevron-right\"><\/i>\t\t\t<\/span>\n\t\t\t\t\t\t\t\t\t<span class=\"elementor-button-text\">M\u00e1s informaci\u00f3n con Pili<\/span>\n\t\t\t\t\t<\/span>\n\t\t\t\t\t<\/a>\n\t\t\t\t<\/div>\n\t\t\t\t\t\t\t\t<\/div>\n\t\t\t\t<\/div>\n\t\t\t\t\t<\/div>\n\t\t<\/div>\n\t\t\t\t\t<\/div>\n\t\t<\/section>\n\t\t\t\t\t<\/div>\n\t\t<\/div>\n\t\t\t\t\t<\/div>\n\t\t<\/section>\n\t\t\t\t<section class=\"elementor-section elementor-top-section elementor-element elementor-element-7f8d5977 elementor-section-boxed elementor-section-height-default elementor-section-height-default\" data-id=\"7f8d5977\" data-element_type=\"section\" data-settings=\"{&quot;background_background&quot;:&quot;classic&quot;}\">\n\t\t\t\t\t\t<div class=\"elementor-container elementor-column-gap-default\">\n\t\t\t\t\t<div class=\"elementor-column elementor-col-50 elementor-top-column elementor-element elementor-element-1a99cab3\" data-id=\"1a99cab3\" data-element_type=\"column\">\n\t\t\t<div class=\"elementor-widget-wrap elementor-element-populated\">\n\t\t\t\t\t\t<div class=\"elementor-element elementor-element-224a9949 elementor-widget elementor-widget-heading\" data-id=\"224a9949\" data-element_type=\"widget\" data-widget_type=\"heading.default\">\n\t\t\t\t<div class=\"elementor-widget-container\">\n\t\t\t\t\t<h2 class=\"elementor-heading-title elementor-size-default\">Ofrecemos clases de Tango Argentino en Figueras<\/h2>\t\t\t\t<\/div>\n\t\t\t\t<\/div>\n\t\t\t\t<div class=\"elementor-element elementor-element-740b402e elementor-widget elementor-widget-text-editor\" data-id=\"740b402e\" data-element_type=\"widget\" data-widget_type=\"text-editor.default\">\n\t\t\t\t<div class=\"elementor-widget-container\">\n\t\t\t\t\t\t\t\t\t<p id=\"u325299-2\">Ofrecemos Tango de sal\u00f3n, con una marcada base t\u00e9cnica que nos permite conocer nuestro cuerpo y comprender mejor c\u00f3mo funciona.<\/p><p id=\"u325299-5\">Lo hacemos simple: utilizamos las herramientas t\u00e9cnicas para que nuestras emociones dancen la vida y encuentren una salida respetuosa con nuestra pareja y honesta con lo que somos.<\/p><p id=\"u325299-8\">Nuestro objetivo? Disfrutar.<\/p>\t\t\t\t\t\t\t\t<\/div>\n\t\t\t\t<\/div>\n\t\t\t\t\t<\/div>\n\t\t<\/div>\n\t\t\t\t<div class=\"elementor-column elementor-col-50 elementor-top-column elementor-element elementor-element-4ac2ce14\" data-id=\"4ac2ce14\" data-element_type=\"column\">\n\t\t\t<div class=\"elementor-widget-wrap elementor-element-populated\">\n\t\t\t\t\t\t<div class=\"elementor-element elementor-element-72390f63 elementor-widget elementor-widget-image\" data-id=\"72390f63\" data-element_type=\"widget\" data-widget_type=\"image.default\">\n\t\t\t\t<div class=\"elementor-widget-container\">\n\t\t\t\t\t\t\t\t\t\t\t\t\t\t\t\t<a href=\"https:\/\/www.escoladansafigueres.com\/wp-content\/uploads\/2024\/10\/20840643_126297341336847_5853566282036413083_n-crop-u2837102-1.jpg\" data-elementor-open-lightbox=\"no\">\n\t\t\t\t\t\t\t<img fetchpriority=\"high\" decoding=\"async\" width=\"453\" height=\"435\" src=\"https:\/\/www.escoladansafigueres.com\/wp-content\/uploads\/2024\/10\/20840643_126297341336847_5853566282036413083_n-crop-u2837102-1.jpg\" class=\"attachment-full size-full wp-image-295\" alt=\"\" srcset=\"https:\/\/www.escoladansafigueres.com\/wp-content\/uploads\/2024\/10\/20840643_126297341336847_5853566282036413083_n-crop-u2837102-1.jpg 453w, https:\/\/www.escoladansafigueres.com\/wp-content\/uploads\/2024\/10\/20840643_126297341336847_5853566282036413083_n-crop-u2837102-1-300x288.jpg 300w\" sizes=\"(max-width: 453px) 100vw, 453px\" \/>\t\t\t\t\t\t\t\t<\/a>\n\t\t\t\t\t\t\t\t\t\t\t\t\t\t\t<\/div>\n\t\t\t\t<\/div>\n\t\t\t\t\t<\/div>\n\t\t<\/div>\n\t\t\t\t\t<\/div>\n\t\t<\/section>\n\t\t\t\t<\/div>\n\t\t","protected":false},"excerpt":{"rendered":"<p>Inscripciones abiertas M\u00e1s informaci\u00f3n con Pili Ofrecemos clases de Tango Argentino en Figueras Ofrecemos Tango de sal\u00f3n, con una marcada base t\u00e9cnica que nos permite conocer nuestro cuerpo y comprender mejor c\u00f3mo funciona. Lo hacemos simple: utilizamos las herramientas t\u00e9cnicas para que nuestras emociones dancen la vida y encuentren una salida respetuosa con nuestra pareja [&hellip;]<\/p>\n","protected":false},"author":1,"featured_media":0,"parent":12,"menu_order":14,"comment_status":"closed","ping_status":"closed","template":"elementor_header_footer","meta":{"footnotes":""},"class_list":["post-49","page","type-page","status-publish","hentry"],"_links":{"self":[{"href":"https:\/\/www.escoladansafigueres.com\/index.php\/wp-json\/wp\/v2\/pages\/49","targetHints":{"allow":["GET"]}}],"collection":[{"href":"https:\/\/www.escoladansafigueres.com\/index.php\/wp-json\/wp\/v2\/pages"}],"about":[{"href":"https:\/\/www.escoladansafigueres.com\/index.php\/wp-json\/wp\/v2\/types\/page"}],"author":[{"embeddable":true,"href":"https:\/\/www.escoladansafigueres.com\/index.php\/wp-json\/wp\/v2\/users\/1"}],"replies":[{"embeddable":true,"href":"https:\/\/www.escoladansafigueres.com\/index.php\/wp-json\/wp\/v2\/comments?post=49"}],"version-history":[{"count":10,"href":"https:\/\/www.escoladansafigueres.com\/index.php\/wp-json\/wp\/v2\/pages\/49\/revisions"}],"predecessor-version":[{"id":652,"href":"https:\/\/www.escoladansafigueres.com\/index.php\/wp-json\/wp\/v2\/pages\/49\/revisions\/652"}],"up":[{"embeddable":true,"href":"https:\/\/www.escoladansafigueres.com\/index.php\/wp-json\/wp\/v2\/pages\/12"}],"wp:attachment":[{"href":"https:\/\/www.escoladansafigueres.com\/index.php\/wp-json\/wp\/v2\/media?parent=49"}],"curies":[{"name":"wp","href":"https:\/\/api.w.org\/{rel}","templated":true}]}}